{"id":1360,"date":"2025-11-04T12:51:44","date_gmt":"2025-11-04T12:51:44","guid":{"rendered":"https:\/\/tiranahealthclinic.com\/?page_id=1360"},"modified":"2026-02-14T08:27:40","modified_gmt":"2026-02-14T08:27:40","slug":"our-doctors","status":"publish","type":"page","link":"https:\/\/tiranahealthclinic.com\/sq\/our-doctors\/","title":{"rendered":"Mjek\u00ebt Tan\u00eb"},"content":{"rendered":"<div data-elementor-type=\"wp-page\" data-elementor-id=\"1360\" class=\"elementor elementor-1360\" data-elementor-post-type=\"page\">\n\t\t\t\t\t\t<section class=\"elementor-section elementor-top-section elementor-element elementor-element-3acbaa5 elementor-section-boxed elementor-section-height-default elementor-section-height-default\" data-id=\"3acbaa5\" data-element_type=\"section\" data-settings=\"{&quot;background_background&quot;:&quot;classic&quot;}\">\n\t\t\t\t\t\t<div class=\"elementor-container elementor-column-gap-no\">\n\t\t\t\t\t<div class=\"elementor-column elementor-col-100 elementor-top-column elementor-element elementor-element-ba6c7f6\" data-id=\"ba6c7f6\" data-element_type=\"column\">\n\t\t\t<div class=\"elementor-widget-wrap elementor-element-populated\">\n\t\t\t\t\t\t<div class=\"elementor-element elementor-element-55b6648 elementor-widget elementor-widget-heading\" data-id=\"55b6648\" data-element_type=\"widget\" data-widget_type=\"heading.default\">\n\t\t\t\t\t<h1 class=\"elementor-heading-title elementor-size-default\">Mjek\u00ebt Tan\u00eb<\/h1>\t\t\t\t<\/div>\n\t\t\t\t<div class=\"elementor-element elementor-element-46e8c11 elementor-widget elementor-widget-heading\" data-id=\"46e8c11\" data-element_type=\"widget\" data-widget_type=\"heading.default\">\n\t\t\t\t\t<span class=\"elementor-heading-title elementor-size-default\">Home - Mjek\u00ebt Tan\u00eb<\/span>\t\t\t\t<\/div>\n\t\t\t\t\t<\/div>\n\t\t<\/div>\n\t\t\t\t\t<\/div>\n\t\t<\/section>\n\t\t<div class=\"elementor-element elementor-element-1c34875 e-con-full e-flex e-con e-parent\" data-id=\"1c34875\" data-element_type=\"container\">\n\t\t<div class=\"elementor-element elementor-element-db1effc e-con-full e-flex e-con e-child\" data-id=\"db1effc\" data-element_type=\"container\">\n\t\t\t\t<div class=\"elementor-element elementor-element-043fc25 elementor-widget elementor-widget-image\" data-id=\"043fc25\" data-element_type=\"widget\" data-widget_type=\"image.default\">\n\t\t\t\t\t\t\t\t\t\t\t\t\t\t\t<img fetchpriority=\"high\" decoding=\"async\" width=\"843\" height=\"1024\" src=\"https:\/\/tiranahealthclinic.com\/wp-content\/uploads\/2025\/11\/WhatsApp-Image-2025-11-04-at-2.34.05-PM-843x1024.jpeg\" class=\"attachment-large size-large wp-image-1394\" alt=\"\" srcset=\"\" sizes=\"(max-width: 843px) 100vw, 843px\" data-srcset=\"\" \/>\t\t\t\t\t\t\t\t\t\t\t\t\t\t\t<\/div>\n\t\t\t\t<div class=\"elementor-element elementor-element-1f4ac26 elementor-widget elementor-widget-heading\" data-id=\"1f4ac26\" data-element_type=\"widget\" data-widget_type=\"heading.default\">\n\t\t\t\t\t<h2 class=\"elementor-heading-title elementor-size-default\">Ekip Turq i Specializuar p\u00ebr Transplantin e Flok\u00ebve\n<\/h2>\t\t\t\t<\/div>\n\t\t\t\t<div class=\"elementor-element elementor-element-2bede80 elementor-widget elementor-widget-text-editor\" data-id=\"2bede80\" data-element_type=\"widget\" data-widget_type=\"text-editor.default\">\n\t\t\t\t\t\t\t\t\t<p data-start=\"236\" data-end=\"552\">N\u00eb Tirana Health Clinic, ekipi yn\u00eb i specializuar turk me p\u00ebrvoj\u00eb t\u00eb gjer\u00eb n\u00eb restaurimin e flok\u00ebve ofron procedurat m\u00eb t\u00eb avancuara t\u00eb transplantit t\u00eb flok\u00ebve. Duke p\u00ebrdorur teknikat m\u00eb t\u00eb fundit, p\u00ebrfshir\u00eb FUE Sapphire dhe DHI (Direct Hair Implantation), ne sigurojm\u00eb rezultate natyrale, t\u00eb dendura dhe afatgjata.<\/p><p data-start=\"554\" data-end=\"900\">\u00c7do procedur\u00eb planifikohet me kujdes p\u00ebr t\u2019u p\u00ebrshtatur me vij\u00ebn e flok\u00ebve, dend\u00ebsin\u00eb dhe tiparet e fytyr\u00ebs s\u00eb pacientit. Ekspert\u00ebt tan\u00eb p\u00ebrdorin teknologji t\u00eb avancuar p\u00ebr t\u00eb minimizuar parehatin\u00eb, p\u00ebr t\u00eb p\u00ebrshpejtuar rikuperimin dhe p\u00ebr t\u00eb arritur rezultate optimale. Nga konsultimi fillestar deri te ndjekja pas trajtimit, \u00e7do pacient merr v\u00ebmendje t\u00eb personalizuar dhe kujdes gjith\u00ebp\u00ebrfshir\u00ebs.<\/p><p data-start=\"902\" data-end=\"1076\">Me ekipin ton\u00eb t\u00eb aft\u00eb dhe metodat inovative, pacient\u00ebt mund t\u00eb rikthejn\u00eb flok\u00ebt me besim, siguri dhe efektivitet, duke arritur rezultate q\u00eb duken dhe ndihen krejt\u00ebsisht natyrale.<\/p>\t\t\t\t\t\t\t\t<\/div>\n\t\t\t\t<\/div>\n\t\t<div class=\"elementor-element elementor-element-dc9698d e-con-full e-flex e-con e-child\" data-id=\"dc9698d\" data-element_type=\"container\">\n\t\t\t\t<div class=\"elementor-element elementor-element-ffff1f2 elementor-widget elementor-widget-heading\" data-id=\"ffff1f2\" data-element_type=\"widget\" data-widget_type=\"heading.default\">\n\t\t\t\t\t<h2 class=\"elementor-heading-title elementor-size-default\">Dr. Gerald Kola \u2013 Hair Restoration &amp; Hair Transplant Specialist <\/h2>\t\t\t\t<\/div>\n\t\t\t\t<div class=\"elementor-element elementor-element-446d26d elementor-widget elementor-widget-text-editor\" data-id=\"446d26d\" data-element_type=\"widget\" data-widget_type=\"text-editor.default\">\n\t\t\t\t\t\t\t\t\t<p data-start=\"282\" data-end=\"627\">Dr. Gerald Kola is a dedicated hair restoration specialist focused on delivering natural-looking, long-lasting results through advanced hair transplant techniques and personalized treatment plans. With a strong commitment to patient safety, precision, and modern medical standards, he helps patients restore both their hair and their confidence.<\/p><p data-start=\"629\" data-end=\"1004\">At Tirana Health Clinic, Dr. Kola specializes in minimally invasive hair transplant procedures designed to achieve high graft survival rates, natural hairlines, and fast recovery times. Every treatment begins with a detailed consultation to evaluate hair loss patterns, donor area strength, and long-term expectations \u2014 ensuring results that look authentic and age naturally.<\/p><p data-start=\"1006\" data-end=\"1225\">Dr. Kola combines medical expertise with an artistic eye for hairline design, creating customized solutions for men and women experiencing hair thinning, pattern baldness, or hair loss due to medical or genetic factors.<\/p>\t\t\t\t\t\t\t\t<\/div>\n\t\t\t\t<\/div>\n\t\t\t\t<\/div>\n\t\t\t\t<footer class=\"elementor-section elementor-top-section elementor-element elementor-element-b3ad053 elementor-section-boxed elementor-section-height-default elementor-section-height-default\" data-id=\"b3ad053\" data-element_type=\"section\" data-settings=\"{&quot;background_background&quot;:&quot;gradient&quot;}\">\n\t\t\t\t\t\t\t<div class=\"elementor-background-overlay\"><\/div>\n\t\t\t\t\t\t\t<div class=\"elementor-container elementor-column-gap-no\">\n\t\t\t\t\t<div class=\"elementor-column elementor-col-50 elementor-top-column elementor-element elementor-element-b62fb88\" data-id=\"b62fb88\" data-element_type=\"column\">\n\t\t\t<div class=\"elementor-widget-wrap elementor-element-populated\">\n\t\t\t\t\t\t<div class=\"elementor-element elementor-element-8138ef0 elementor-widget elementor-widget-image\" data-id=\"8138ef0\" data-element_type=\"widget\" data-widget_type=\"image.default\">\n\t\t\t\t\t\t\t\t\t\t\t\t\t\t\t<img decoding=\"async\" width=\"250\" height=\"250\" src=\"https:\/\/tiranahealthclinic.com\/wp-content\/uploads\/2025\/11\/WhatsApp-Image-2025-11-20-at-6.11.45-PM-e1763670150429.jpeg\" class=\"attachment-large size-large wp-image-1424\" alt=\"\" \/>\t\t\t\t\t\t\t\t\t\t\t\t\t\t\t<\/div>\n\t\t\t\t\t<\/div>\n\t\t<\/div>\n\t\t\t\t<div class=\"elementor-column elementor-col-50 elementor-top-column elementor-element elementor-element-28f17c3\" data-id=\"28f17c3\" data-element_type=\"column\">\n\t\t\t<div class=\"elementor-widget-wrap elementor-element-populated\">\n\t\t\t\t\t\t<div class=\"elementor-element elementor-element-ac007e0 elementor-align-center elementor-icon-list--layout-inline elementor-list-item-link-full_width elementor-widget elementor-widget-icon-list\" data-id=\"ac007e0\" data-element_type=\"widget\" data-widget_type=\"icon-list.default\">\n\t\t\t\t\t\t\t<ul class=\"elementor-icon-list-items elementor-inline-items\">\n\t\t\t\t\t\t\t<li class=\"elementor-icon-list-item elementor-inline-item\">\n\t\t\t\t\t\t\t\t\t\t\t<a href=\"https:\/\/tiranahealthclinic.com\/sq\/home\/\">\n\n\t\t\t\t\t\t\t\t\t\t\t<span class=\"elementor-icon-list-text\">Home <\/span>\n\t\t\t\t\t\t\t\t\t\t\t<\/a>\n\t\t\t\t\t\t\t\t\t<\/li>\n\t\t\t\t\t\t\t\t<li class=\"elementor-icon-list-item elementor-inline-item\">\n\t\t\t\t\t\t\t\t\t\t\t<a href=\"https:\/\/tiranahealthclinic.com\/sq\/about\/\">\n\n\t\t\t\t\t\t\t\t\t\t\t<span class=\"elementor-icon-list-text\">Rreth Nesh<\/span>\n\t\t\t\t\t\t\t\t\t\t\t<\/a>\n\t\t\t\t\t\t\t\t\t<\/li>\n\t\t\t\t\t\t\t\t<li class=\"elementor-icon-list-item elementor-inline-item\">\n\t\t\t\t\t\t\t\t\t\t\t<a href=\"https:\/\/tiranahealthclinic.com\/sq\/our-services\/\">\n\n\t\t\t\t\t\t\t\t\t\t\t<span class=\"elementor-icon-list-text\">Sherbimet<\/span>\n\t\t\t\t\t\t\t\t\t\t\t<\/a>\n\t\t\t\t\t\t\t\t\t<\/li>\n\t\t\t\t\t\t\t\t<li class=\"elementor-icon-list-item elementor-inline-item\">\n\t\t\t\t\t\t\t\t\t\t\t<a href=\"https:\/\/tiranahealthclinic.com\/sq\/our-treatments\/\">\n\n\t\t\t\t\t\t\t\t\t\t\t<span class=\"elementor-icon-list-text\">Trajtimet Tona<\/span>\n\t\t\t\t\t\t\t\t\t\t\t<\/a>\n\t\t\t\t\t\t\t\t\t<\/li>\n\t\t\t\t\t\t\t\t<li class=\"elementor-icon-list-item elementor-inline-item\">\n\t\t\t\t\t\t\t\t\t\t\t<a href=\"https:\/\/tiranahealthclinic.com\/sq\/our-work\/\">\n\n\t\t\t\t\t\t\t\t\t\t\t<span class=\"elementor-icon-list-text\">Galeria<\/span>\n\t\t\t\t\t\t\t\t\t\t\t<\/a>\n\t\t\t\t\t\t\t\t\t<\/li>\n\t\t\t\t\t\t\t\t<li class=\"elementor-icon-list-item elementor-inline-item\">\n\t\t\t\t\t\t\t\t\t\t\t<a href=\"https:\/\/tiranahealthclinic.com\/sq\/contact-us\/\">\n\n\t\t\t\t\t\t\t\t\t\t\t<span class=\"elementor-icon-list-text\">Na Kontaktoni<\/span>\n\t\t\t\t\t\t\t\t\t\t\t<\/a>\n\t\t\t\t\t\t\t\t\t<\/li>\n\t\t\t\t\t\t<\/ul>\n\t\t\t\t\t\t<\/div>\n\t\t\t\t<div class=\"elementor-element elementor-element-49101f9 elementor-shape-rounded elementor-grid-0 e-grid-align-center elementor-widget elementor-widget-social-icons\" data-id=\"49101f9\" data-element_type=\"widget\" data-widget_type=\"social-icons.default\">\n\t\t\t\t\t\t\t<div class=\"elementor-social-icons-wrapper elementor-grid\" role=\"list\">\n\t\t\t\t\t\t\t<span class=\"elementor-grid-item\" role=\"listitem\">\n\t\t\t\t\t<a class=\"elementor-icon elementor-social-icon elementor-social-icon-facebook elementor-repeater-item-f4aa84f\" href=\"https:\/\/www.facebook.com\/marsi.interior.design?mibextid=wwXIfr&amp;rdid=RYVUx83vHNygk7J7&amp;share_url=httpswww.facebook.comshare1Qy81rSaYJmibextidwwXIfr#\" target=\"_blank\">\n\t\t\t\t\t\t<span class=\"elementor-screen-only\">Facebook<\/span>\n\t\t\t\t\t\t<svg aria-hidden=\"true\" class=\"e-font-icon-svg e-fab-facebook\" viewbox=\"0 0 512 512\" xmlns=\"http:\/\/www.w3.org\/2000\/svg\"><path d=\"M504 256C504 119 393 8 256 8S8 119 8 256c0 123.78 90.69 226.38 209.25 245V327.69h-63V256h63v-54.64c0-62.15 37-96.48 93.67-96.48 27.14 0 55.52 4.84 55.52 4.84v61h-31.28c-30.8 0-40.41 19.12-40.41 38.73V256h68.78l-11 71.69h-57.78V501C413.31 482.38 504 379.78 504 256z\"><\/path><\/svg>\t\t\t\t\t<\/a>\n\t\t\t\t<\/span>\n\t\t\t\t\t\t\t<span class=\"elementor-grid-item\" role=\"listitem\">\n\t\t\t\t\t<a class=\"elementor-icon elementor-social-icon elementor-social-icon-instagram elementor-repeater-item-33cfe84\" href=\"https:\/\/www.instagram.com\/artbees\/\" target=\"_blank\">\n\t\t\t\t\t\t<span class=\"elementor-screen-only\">Instagram<\/span>\n\t\t\t\t\t\t<svg aria-hidden=\"true\" class=\"e-font-icon-svg e-fab-instagram\" viewbox=\"0 0 448 512\" xmlns=\"http:\/\/www.w3.org\/2000\/svg\"><path d=\"M224.1 141c-63.6 0-114.9 51.3-114.9 114.9s51.3 114.9 114.9 114.9S339 319.5 339 255.9 287.7 141 224.1 141zm0 189.6c-41.1 0-74.7-33.5-74.7-74.7s33.5-74.7 74.7-74.7 74.7 33.5 74.7 74.7-33.6 74.7-74.7 74.7zm146.4-194.3c0 14.9-12 26.8-26.8 26.8-14.9 0-26.8-12-26.8-26.8s12-26.8 26.8-26.8 26.8 12 26.8 26.8zm76.1 27.2c-1.7-35.9-9.9-67.7-36.2-93.9-26.2-26.2-58-34.4-93.9-36.2-37-2.1-147.9-2.1-184.9 0-35.8 1.7-67.6 9.9-93.9 36.1s-34.4 58-36.2 93.9c-2.1 37-2.1 147.9 0 184.9 1.7 35.9 9.9 67.7 36.2 93.9s58 34.4 93.9 36.2c37 2.1 147.9 2.1 184.9 0 35.9-1.7 67.7-9.9 93.9-36.2 26.2-26.2 34.4-58 36.2-93.9 2.1-37 2.1-147.8 0-184.8zM398.8 388c-7.8 19.6-22.9 34.7-42.6 42.6-29.5 11.7-99.5 9-132.1 9s-102.7 2.6-132.1-9c-19.6-7.8-34.7-22.9-42.6-42.6-11.7-29.5-9-99.5-9-132.1s-2.6-102.7 9-132.1c7.8-19.6 22.9-34.7 42.6-42.6 29.5-11.7 99.5-9 132.1-9s102.7-2.6 132.1 9c19.6 7.8 34.7 22.9 42.6 42.6 11.7 29.5 9 99.5 9 132.1s2.7 102.7-9 132.1z\"><\/path><\/svg>\t\t\t\t\t<\/a>\n\t\t\t\t<\/span>\n\t\t\t\t\t\t\t<span class=\"elementor-grid-item\" role=\"listitem\">\n\t\t\t\t\t<a class=\"elementor-icon elementor-social-icon elementor-social-icon-tiktok elementor-repeater-item-cd6f0ee\" href=\"https:\/\/www.tiktok.com\/@tirana.health.cli?_t=ZM-8zCkDpQX0ZJ&amp;_r=1\" target=\"_blank\">\n\t\t\t\t\t\t<span class=\"elementor-screen-only\">Tiktok<\/span>\n\t\t\t\t\t\t<svg aria-hidden=\"true\" class=\"e-font-icon-svg e-fab-tiktok\" viewbox=\"0 0 448 512\" xmlns=\"http:\/\/www.w3.org\/2000\/svg\"><path d=\"M448,209.91a210.06,210.06,0,0,1-122.77-39.25V349.38A162.55,162.55,0,1,1,185,188.31V278.2a74.62,74.62,0,1,0,52.23,71.18V0l88,0a121.18,121.18,0,0,0,1.86,22.17h0A122.18,122.18,0,0,0,381,102.39a121.43,121.43,0,0,0,67,20.14Z\"><\/path><\/svg>\t\t\t\t\t<\/a>\n\t\t\t\t<\/span>\n\t\t\t\t\t<\/div>\n\t\t\t\t\t\t<\/div>\n\t\t\t\t\t<\/div>\n\t\t<\/div>\n\t\t\t\t\t<\/div>\n\t\t<\/footer>\n\t\t<div class=\"elementor-element elementor-element-2ad8bae e-con-full e-flex e-con e-parent\" data-id=\"2ad8bae\" data-element_type=\"container\">\n\t\t<div class=\"elementor-element elementor-element-c16862d e-con-full e-flex e-con e-child\" data-id=\"c16862d\" data-element_type=\"container\">\n\t\t<div class=\"elementor-element elementor-element-a232697 e-flex e-con-boxed e-con e-child\" data-id=\"a232697\" data-element_type=\"container\" data-settings=\"{&quot;background_background&quot;:&quot;classic&quot;}\">\n\t\t\t\t\t<div class=\"e-con-inner\">\n\t\t\t\t<div class=\"elementor-element elementor-element-0f7ca0d elementor-widget elementor-widget-text-editor\" data-id=\"0f7ca0d\" data-element_type=\"widget\" data-widget_type=\"text-editor.default\">\n\t\t\t\t\t\t\t\t\t<p>\u00a9 2025 Tirana Health Clinic. T\u00eb gjitha t\u00eb drejtat e rezervuara.<\/p>\t\t\t\t\t\t\t\t<\/div>\n\t\t\t\t\t<\/div>\n\t\t\t\t<\/div>\n\t\t\t\t<\/div>\n\t\t\t\t<\/div>\n\t\t\t\t<\/div>","protected":false},"excerpt":{"rendered":"<p>Our Doctors Home &#8211; Our Doctors Specialized Turkish Team for Hair Transplant At Tirana Health Clinic, our specialized Turkish team with extensive experience in hair restoration provides the most advanced hair transplant procedures. Using the latest techniques, including FUE Sapphire and DHI (Direct Hair Implantation), we ensure natural, dense, and long-lasting results. Each procedure is [&hellip;]<\/p>","protected":false},"author":1,"featured_media":0,"parent":0,"menu_order":0,"comment_status":"closed","ping_status":"closed","template":"full-width.php","meta":{"_acf_changed":false,"footnotes":""},"class_list":["post-1360","page","type-page","status-publish","hentry"],"acf":[],"yoast_head":"<!-- This site is optimized with the Yoast SEO plugin v25.7 - https:\/\/yoast.com\/wordpress\/plugins\/seo\/ -->\n<title>Our Doctors - Tirana Health Clinic<\/title>\n<meta name=\"description\" content=\"Meet the experienced medical team at Tirana Health Clinic. Learn each doctor\u2019s specialty, qualifications, languages.\" \/>\n<meta name=\"robots\" content=\"index, follow, max-snippet:-1, max-image-preview:large, max-video-preview:-1\" \/>\n<link rel=\"canonical\" href=\"https:\/\/tiranahealthclinic.com\/sq\/our-doctors\/\" \/>\n<meta property=\"og:locale\" content=\"sq_AL\" \/>\n<meta property=\"og:type\" content=\"article\" \/>\n<meta property=\"og:title\" content=\"Our Doctors - Tirana Health Clinic\" \/>\n<meta property=\"og:description\" content=\"Meet the experienced medical team at Tirana Health Clinic. Learn each doctor\u2019s specialty, qualifications, languages.\" \/>\n<meta property=\"og:url\" content=\"https:\/\/tiranahealthclinic.com\/sq\/our-doctors\/\" \/>\n<meta property=\"article:modified_time\" content=\"2026-02-14T08:27:40+00:00\" \/>\n<meta property=\"og:image\" content=\"https:\/\/tiranahealthclinic.com\/wp-content\/uploads\/2025\/11\/WhatsApp-Image-2025-11-04-at-2.34.05-PM.jpeg\" \/>\n\t<meta property=\"og:image:width\" content=\"1054\" \/>\n\t<meta property=\"og:image:height\" content=\"1281\" \/>\n\t<meta property=\"og:image:type\" content=\"image\/jpeg\" \/>\n<meta name=\"twitter:card\" content=\"summary_large_image\" \/>\n<meta name=\"twitter:label1\" content=\"Est. reading time\" \/>\n\t<meta name=\"twitter:data1\" content=\"2 minuta\" \/>\n<script type=\"application\/ld+json\" class=\"yoast-schema-graph\">{\"@context\":\"https:\/\/schema.org\",\"@graph\":[{\"@type\":\"WebPage\",\"@id\":\"https:\/\/tiranahealthclinic.com\/our-doctors\/\",\"url\":\"https:\/\/tiranahealthclinic.com\/our-doctors\/\",\"name\":\"Our Doctors - Tirana Health Clinic\",\"isPartOf\":{\"@id\":\"https:\/\/tiranahealthclinic.com\/#website\"},\"primaryImageOfPage\":{\"@id\":\"https:\/\/tiranahealthclinic.com\/our-doctors\/#primaryimage\"},\"image\":{\"@id\":\"https:\/\/tiranahealthclinic.com\/our-doctors\/#primaryimage\"},\"thumbnailUrl\":\"https:\/\/tiranahealthclinic.com\/wp-content\/uploads\/2025\/11\/WhatsApp-Image-2025-11-04-at-2.34.05-PM-843x1024.jpeg\",\"datePublished\":\"2025-11-04T12:51:44+00:00\",\"dateModified\":\"2026-02-14T08:27:40+00:00\",\"description\":\"Meet the experienced medical team at Tirana Health Clinic. Learn each doctor\u2019s specialty, qualifications, languages.\",\"breadcrumb\":{\"@id\":\"https:\/\/tiranahealthclinic.com\/our-doctors\/#breadcrumb\"},\"inLanguage\":\"sq\",\"potentialAction\":[{\"@type\":\"ReadAction\",\"target\":[\"https:\/\/tiranahealthclinic.com\/our-doctors\/\"]}]},{\"@type\":\"ImageObject\",\"inLanguage\":\"sq\",\"@id\":\"https:\/\/tiranahealthclinic.com\/our-doctors\/#primaryimage\",\"url\":\"https:\/\/tiranahealthclinic.com\/wp-content\/uploads\/2025\/11\/WhatsApp-Image-2025-11-04-at-2.34.05-PM-843x1024.jpeg\",\"contentUrl\":\"https:\/\/tiranahealthclinic.com\/wp-content\/uploads\/2025\/11\/WhatsApp-Image-2025-11-04-at-2.34.05-PM-843x1024.jpeg\"},{\"@type\":\"BreadcrumbList\",\"@id\":\"https:\/\/tiranahealthclinic.com\/our-doctors\/#breadcrumb\",\"itemListElement\":[{\"@type\":\"ListItem\",\"position\":1,\"name\":\"Home\",\"item\":\"https:\/\/tiranahealthclinic.com\/\"},{\"@type\":\"ListItem\",\"position\":2,\"name\":\"Our Doctors\"}]},{\"@type\":\"WebSite\",\"@id\":\"https:\/\/tiranahealthclinic.com\/#website\",\"url\":\"https:\/\/tiranahealthclinic.com\/\",\"name\":\"\",\"description\":\"\",\"potentialAction\":[{\"@type\":\"SearchAction\",\"target\":{\"@type\":\"EntryPoint\",\"urlTemplate\":\"https:\/\/tiranahealthclinic.com\/?s={search_term_string}\"},\"query-input\":{\"@type\":\"PropertyValueSpecification\",\"valueRequired\":true,\"valueName\":\"search_term_string\"}}],\"inLanguage\":\"sq\"}]}<\/script>\n<!-- \/ Yoast SEO plugin. -->","yoast_head_json":{"title":"Our Doctors - Tirana Health Clinic","description":"Meet the experienced medical team at Tirana Health Clinic. Learn each doctor\u2019s specialty, qualifications, languages.","robots":{"index":"index","follow":"follow","max-snippet":"max-snippet:-1","max-image-preview":"max-image-preview:large","max-video-preview":"max-video-preview:-1"},"canonical":"https:\/\/tiranahealthclinic.com\/sq\/our-doctors\/","og_locale":"sq_AL","og_type":"article","og_title":"Our Doctors - Tirana Health Clinic","og_description":"Meet the experienced medical team at Tirana Health Clinic. Learn each doctor\u2019s specialty, qualifications, languages.","og_url":"https:\/\/tiranahealthclinic.com\/sq\/our-doctors\/","article_modified_time":"2026-02-14T08:27:40+00:00","og_image":[{"width":1054,"height":1281,"url":"https:\/\/tiranahealthclinic.com\/wp-content\/uploads\/2025\/11\/WhatsApp-Image-2025-11-04-at-2.34.05-PM.jpeg","type":"image\/jpeg"}],"twitter_card":"summary_large_image","twitter_misc":{"Est. reading time":"2 minuta"},"schema":{"@context":"https:\/\/schema.org","@graph":[{"@type":"WebPage","@id":"https:\/\/tiranahealthclinic.com\/our-doctors\/","url":"https:\/\/tiranahealthclinic.com\/our-doctors\/","name":"Our Doctors - Tirana Health Clinic","isPartOf":{"@id":"https:\/\/tiranahealthclinic.com\/#website"},"primaryImageOfPage":{"@id":"https:\/\/tiranahealthclinic.com\/our-doctors\/#primaryimage"},"image":{"@id":"https:\/\/tiranahealthclinic.com\/our-doctors\/#primaryimage"},"thumbnailUrl":"https:\/\/tiranahealthclinic.com\/wp-content\/uploads\/2025\/11\/WhatsApp-Image-2025-11-04-at-2.34.05-PM-843x1024.jpeg","datePublished":"2025-11-04T12:51:44+00:00","dateModified":"2026-02-14T08:27:40+00:00","description":"Meet the experienced medical team at Tirana Health Clinic. Learn each doctor\u2019s specialty, qualifications, languages.","breadcrumb":{"@id":"https:\/\/tiranahealthclinic.com\/our-doctors\/#breadcrumb"},"inLanguage":"sq","potentialAction":[{"@type":"ReadAction","target":["https:\/\/tiranahealthclinic.com\/our-doctors\/"]}]},{"@type":"ImageObject","inLanguage":"sq","@id":"https:\/\/tiranahealthclinic.com\/our-doctors\/#primaryimage","url":"https:\/\/tiranahealthclinic.com\/wp-content\/uploads\/2025\/11\/WhatsApp-Image-2025-11-04-at-2.34.05-PM-843x1024.jpeg","contentUrl":"https:\/\/tiranahealthclinic.com\/wp-content\/uploads\/2025\/11\/WhatsApp-Image-2025-11-04-at-2.34.05-PM-843x1024.jpeg"},{"@type":"BreadcrumbList","@id":"https:\/\/tiranahealthclinic.com\/our-doctors\/#breadcrumb","itemListElement":[{"@type":"ListItem","position":1,"name":"Home","item":"https:\/\/tiranahealthclinic.com\/"},{"@type":"ListItem","position":2,"name":"Our Doctors"}]},{"@type":"WebSite","@id":"https:\/\/tiranahealthclinic.com\/#website","url":"https:\/\/tiranahealthclinic.com\/","name":"","description":"","potentialAction":[{"@type":"SearchAction","target":{"@type":"EntryPoint","urlTemplate":"https:\/\/tiranahealthclinic.com\/?s={search_term_string}"},"query-input":{"@type":"PropertyValueSpecification","valueRequired":true,"valueName":"search_term_string"}}],"inLanguage":"sq"}]}},"_links":{"self":[{"href":"https:\/\/tiranahealthclinic.com\/sq\/wp-json\/wp\/v2\/pages\/1360","targetHints":{"allow":["GET"]}}],"collection":[{"href":"https:\/\/tiranahealthclinic.com\/sq\/wp-json\/wp\/v2\/pages"}],"about":[{"href":"https:\/\/tiranahealthclinic.com\/sq\/wp-json\/wp\/v2\/types\/page"}],"author":[{"embeddable":true,"href":"https:\/\/tiranahealthclinic.com\/sq\/wp-json\/wp\/v2\/users\/1"}],"replies":[{"embeddable":true,"href":"https:\/\/tiranahealthclinic.com\/sq\/wp-json\/wp\/v2\/comments?post=1360"}],"version-history":[{"count":41,"href":"https:\/\/tiranahealthclinic.com\/sq\/wp-json\/wp\/v2\/pages\/1360\/revisions"}],"predecessor-version":[{"id":2068,"href":"https:\/\/tiranahealthclinic.com\/sq\/wp-json\/wp\/v2\/pages\/1360\/revisions\/2068"}],"wp:attachment":[{"href":"https:\/\/tiranahealthclinic.com\/sq\/wp-json\/wp\/v2\/media?parent=1360"}],"curies":[{"name":"wp","href":"https:\/\/api.w.org\/{rel}","templated":true}]}}